{"id":69,"date":"2016-03-18T18:58:27","date_gmt":"2016-03-18T18:58:27","guid":{"rendered":"http:\/\/Hochzeit.rogge-familie.de\/?page_id=69"},"modified":"2018-02-12T10:32:01","modified_gmt":"2018-02-12T10:32:01","slug":"gaestebuch","status":"publish","type":"page","link":"https:\/\/Hochzeit.rogge-familie.de\/?page_id=69","title":{"rendered":"G\u00e4stebuch"},"content":{"rendered":"<p>Hier k\u00f6nnen unsere lieben G\u00e4ste Kommentare, W\u00fcnsche, Fragen, Anregungen, Gr\u00fc\u00dfe, &#8230;.. hinterlassen.<\/p>\n<p>PS wegen SPAM und so muss ich die Kommentare manuell freischalten.<\/p>\n<p>PPS wegen anhaltendem SPAM wurde die Kommentarfunktion komplett deaktiviert<\/p>\n","protected":false},"excerpt":{"rendered":"<p>Hier k\u00f6nnen unsere lieben G\u00e4ste Kommentare, W\u00fcnsche, Fragen, Anregungen, Gr\u00fc\u00dfe, &#8230;.. hinterlassen. PS wegen SPAM und so muss ich die Kommentare manuell freischalten. PPS wegen anhaltendem SPAM wurde die Kommentarfunktion komplett deaktiviert<\/p>\n","protected":false},"author":1,"featured_media":0,"parent":0,"menu_order":0,"comment_status":"closed","ping_status":"closed","template":"","meta":{"footnotes":""},"class_list":["post-69","page","type-page","status-publish","hentry"],"_links":{"self":[{"href":"https:\/\/Hochzeit.rogge-familie.de\/index.php?rest_route=\/wp\/v2\/pages\/69","targetHints":{"allow":["GET"]}}],"collection":[{"href":"https:\/\/Hochzeit.rogge-familie.de\/index.php?rest_route=\/wp\/v2\/pages"}],"about":[{"href":"https:\/\/Hochzeit.rogge-familie.de\/index.php?rest_route=\/wp\/v2\/types\/page"}],"author":[{"embeddable":true,"href":"https:\/\/Hochzeit.rogge-familie.de\/index.php?rest_route=\/wp\/v2\/users\/1"}],"replies":[{"embeddable":true,"href":"https:\/\/Hochzeit.rogge-familie.de\/index.php?rest_route=%2Fwp%2Fv2%2Fcomments&post=69"}],"version-history":[{"count":4,"href":"https:\/\/Hochzeit.rogge-familie.de\/index.php?rest_route=\/wp\/v2\/pages\/69\/revisions"}],"predecessor-version":[{"id":1060,"href":"https:\/\/Hochzeit.rogge-familie.de\/index.php?rest_route=\/wp\/v2\/pages\/69\/revisions\/1060"}],"wp:attachment":[{"href":"https:\/\/Hochzeit.rogge-familie.de\/index.php?rest_route=%2Fwp%2Fv2%2Fmedia&parent=69"}],"curies":[{"name":"wp","href":"https:\/\/api.w.org\/{rel}","templated":true}]}}